{"id":72,"date":"2023-08-24T15:30:11","date_gmt":"2023-08-24T13:30:11","guid":{"rendered":"https:\/\/ecec41800.wordpress.com\/?page_id=41"},"modified":"2025-06-05T17:09:39","modified_gmt":"2025-06-05T15:09:39","slug":"les-partenaires","status":"publish","type":"page","link":"https:\/\/trail-ecec.com\/index.php\/les-partenaires\/","title":{"rendered":"Les partenaires"},"content":{"rendered":"\n<p><\/p>\n\n\n\n<p><strong><em>L&rsquo;association \u00ab\u00a0Entre caves et ch\u00e2teaux\u00a0\u00bb remercie l&rsquo;ensemble des partenaires <strong>qui lui permettent d&rsquo;organiser ce trail :<\/strong><\/em><\/strong><\/p>\n\n\n\n<p>Un grand MERCI \u00e0 tous nos b\u00e9n\u00e9voles pour leur implication et leur pr\u00e9cieux soutien. Sans eux le trail ne pourrait exister.<\/p>\n\n\n\n<p>Sans la bienveillance des propri\u00e9taires et des communes qui nous accordent une autorisation de passage exceptionnelle sur leur ch\u00e2teau, leur cave, leurs propri\u00e9t\u00e9s et leurs bois. Sans eux le trail ne pourrait exister.<\/p>\n\n\n\n<p>Partenaires institutionnels:<\/p>\n\n\n\n<div class=\"wp-block-columns is-layout-flex wp-container-core-columns-is-layout-28f84493 wp-block-columns-is-layout-flex\">\n<div class=\"wp-block-column is-layout-flow wp-block-column-is-layout-flow\">\n<figure class=\"wp-block-image size-full is-resized wp-duotone-unset-1\"><a href=\"https:\/\/www.mairie-montoire.fr\/\" target=\"_blank\" rel=\"noreferrer noopener\"><img loading=\"lazy\" decoding=\"async\" width=\"238\" height=\"238\" src=\"https:\/\/trail-ecec.com\/wp-content\/uploads\/2024\/05\/montoire.jpg\" alt=\"\" class=\"wp-image-567\" style=\"width:225px\" srcset=\"https:\/\/trail-ecec.com\/wp-content\/uploads\/2024\/05\/montoire.jpg 238w, https:\/\/trail-ecec.com\/wp-content\/uploads\/2024\/05\/montoire-150x150.jpg 150w\" sizes=\"auto, (max-width: 238px) 100vw, 238px\" \/><\/a><\/figure>\n\n\n\n<figure class=\"wp-block-image size-full is-resized wp-duotone-unset-2\"><img loading=\"lazy\" decoding=\"async\" width=\"253\" height=\"253\" src=\"https:\/\/trail-ecec.com\/wp-content\/uploads\/2024\/05\/st-arnoult.jpg\" alt=\"\" class=\"wp-image-568\" style=\"width:225px\" srcset=\"https:\/\/trail-ecec.com\/wp-content\/uploads\/2024\/05\/st-arnoult.jpg 253w, https:\/\/trail-ecec.com\/wp-content\/uploads\/2024\/05\/st-arnoult-150x150.jpg 150w\" sizes=\"auto, (max-width: 253px) 100vw, 253px\" \/><\/figure>\n<\/div>\n\n\n\n<div class=\"wp-block-column is-layout-flow wp-block-column-is-layout-flow\">\n<figure class=\"wp-block-image size-full is-resized wp-duotone-unset-3\"><a href=\"https:\/\/www.lavardin.net\/\" target=\"_blank\" rel=\"noreferrer noopener\"><img loading=\"lazy\" decoding=\"async\" width=\"235\" height=\"235\" src=\"https:\/\/trail-ecec.com\/wp-content\/uploads\/2024\/05\/lavardin.jpg\" alt=\"\" class=\"wp-image-566\" style=\"width:225px\" srcset=\"https:\/\/trail-ecec.com\/wp-content\/uploads\/2024\/05\/lavardin.jpg 235w, https:\/\/trail-ecec.com\/wp-content\/uploads\/2024\/05\/lavardin-150x150.jpg 150w\" sizes=\"auto, (max-width: 235px) 100vw, 235px\" \/><\/a><\/figure>\n\n\n\n<figure class=\"wp-block-image size-full is-resized wp-duotone-unset-4\"><img loading=\"lazy\" decoding=\"async\" width=\"225\" height=\"225\" src=\"https:\/\/trail-ecec.com\/wp-content\/uploads\/2024\/05\/villavard.jpg\" alt=\"\" class=\"wp-image-569\" style=\"width:225px\" srcset=\"https:\/\/trail-ecec.com\/wp-content\/uploads\/2024\/05\/villavard.jpg 225w, https:\/\/trail-ecec.com\/wp-content\/uploads\/2024\/05\/villavard-150x150.jpg 150w\" sizes=\"auto, (max-width: 225px) 100vw, 225px\" \/><\/figure>\n<\/div>\n<\/div>\n\n\n\n<p>Partenaires priv\u00e9s:<\/p>\n\n\n\n<div class=\"wp-block-columns is-layout-flex wp-container-core-columns-is-layout-28f84493 wp-block-columns-is-layout-flex\">\n<div class=\"wp-block-column is-layout-flow wp-block-column-is-layout-flow\">\n<figure class=\"wp-block-image size-large is-resized wp-duotone-unset-5\"><a href=\"https:\/\/www.minier.fr\/\" target=\"_blank\" rel=\"noreferrer noopener\"><img loading=\"lazy\" decoding=\"async\" width=\"1024\" height=\"1024\" src=\"https:\/\/trail-ecec.com\/wp-content\/uploads\/2024\/05\/Minier-Vierge-01-avec-fond-blanc-1-1024x1024.jpg\" alt=\"\" class=\"wp-image-563\" style=\"width:225px\" srcset=\"https:\/\/trail-ecec.com\/wp-content\/uploads\/2024\/05\/Minier-Vierge-01-avec-fond-blanc-1-1024x1024.jpg 1024w, https:\/\/trail-ecec.com\/wp-content\/uploads\/2024\/05\/Minier-Vierge-01-avec-fond-blanc-1-300x300.jpg 300w, https:\/\/trail-ecec.com\/wp-content\/uploads\/2024\/05\/Minier-Vierge-01-avec-fond-blanc-1-150x150.jpg 150w, https:\/\/trail-ecec.com\/wp-content\/uploads\/2024\/05\/Minier-Vierge-01-avec-fond-blanc-1-768x768.jpg 768w, https:\/\/trail-ecec.com\/wp-content\/uploads\/2024\/05\/Minier-Vierge-01-avec-fond-blanc-1-1536x1536.jpg 1536w, https:\/\/trail-ecec.com\/wp-content\/uploads\/2024\/05\/Minier-Vierge-01-avec-fond-blanc-1.jpg 1832w\" sizes=\"auto, (max-width: 1024px) 100vw, 1024px\" \/><\/a><\/figure>\n<\/div>\n\n\n\n<div class=\"wp-block-column is-layout-flow wp-block-column-is-layout-flow\">\n<figure class=\"wp-block-image size-full is-resized wp-duotone-unset-6\"><a href=\"https:\/\/www.magasins-u.com\/magasin\/uexpress-montoiresurleloir\" target=\"_blank\" rel=\"noreferrer noopener\"><img loading=\"lazy\" decoding=\"async\" width=\"989\" height=\"989\" src=\"https:\/\/trail-ecec.com\/wp-content\/uploads\/2024\/05\/LOGO-U-1.jpg\" alt=\"\" class=\"wp-image-562\" style=\"width:225px\" srcset=\"https:\/\/trail-ecec.com\/wp-content\/uploads\/2024\/05\/LOGO-U-1.jpg 989w, https:\/\/trail-ecec.com\/wp-content\/uploads\/2024\/05\/LOGO-U-1-300x300.jpg 300w, https:\/\/trail-ecec.com\/wp-content\/uploads\/2024\/05\/LOGO-U-1-150x150.jpg 150w, https:\/\/trail-ecec.com\/wp-content\/uploads\/2024\/05\/LOGO-U-1-768x768.jpg 768w\" sizes=\"auto, (max-width: 989px) 100vw, 989px\" \/><\/a><\/figure>\n<\/div>\n<\/div>\n\n\n\n<div class=\"wp-block-columns is-layout-flex wp-container-core-columns-is-layout-28f84493 wp-block-columns-is-layout-flex\">\n<div class=\"wp-block-column is-layout-flow wp-block-column-is-layout-flow\">\n<figure class=\"wp-block-image size-full is-resized wp-duotone-unset-7\"><a href=\"https:\/\/www.fiteco.com\/nos-bureaux\/fiteco-montoire-sur-le-loir\/\" target=\"_blank\" rel=\"noreferrer noopener\"><img loading=\"lazy\" decoding=\"async\" width=\"410\" height=\"410\" src=\"http:\/\/trail-ecec.com\/wp-content\/uploads\/2024\/04\/fiteco.png\" alt=\"\" class=\"wp-image-547\" style=\"width:225px\" srcset=\"https:\/\/trail-ecec.com\/wp-content\/uploads\/2024\/04\/fiteco.png 410w, https:\/\/trail-ecec.com\/wp-content\/uploads\/2024\/04\/fiteco-300x300.png 300w, https:\/\/trail-ecec.com\/wp-content\/uploads\/2024\/04\/fiteco-150x150.png 150w\" sizes=\"auto, (max-width: 410px) 100vw, 410px\" \/><\/a><\/figure>\n<\/div>\n\n\n\n<div class=\"wp-block-column is-layout-flow wp-block-column-is-layout-flow\">\n<figure class=\"wp-block-image size-full is-resized wp-duotone-unset-8\"><a href=\"https:\/\/vdli.fr\/\" target=\"_blank\" rel=\"noreferrer noopener\"><img loading=\"lazy\" decoding=\"async\" width=\"407\" height=\"407\" src=\"https:\/\/trail-ecec.com\/wp-content\/uploads\/2025\/06\/vdli.jpg\" alt=\"\" class=\"wp-image-1075\" style=\"width:225px\" srcset=\"https:\/\/trail-ecec.com\/wp-content\/uploads\/2025\/06\/vdli.jpg 407w, https:\/\/trail-ecec.com\/wp-content\/uploads\/2025\/06\/vdli-300x300.jpg 300w, https:\/\/trail-ecec.com\/wp-content\/uploads\/2025\/06\/vdli-150x150.jpg 150w\" sizes=\"auto, (max-width: 407px) 100vw, 407px\" \/><\/a><\/figure>\n<\/div>\n<\/div>\n\n\n\n<div class=\"wp-block-columns is-layout-flex wp-container-core-columns-is-layout-28f84493 wp-block-columns-is-layout-flex\">\n<div class=\"wp-block-column is-layout-flow wp-block-column-is-layout-flow\">\n<figure class=\"wp-block-image size-full is-resized wp-duotone-unset-9\"><a href=\"https:\/\/www.facebook.com\/champi41\" target=\"_blank\" rel=\"noreferrer noopener\"><img loading=\"lazy\" decoding=\"async\" width=\"219\" height=\"219\" src=\"https:\/\/trail-ecec.com\/wp-content\/uploads\/2024\/05\/champi.jpg\" alt=\"\" class=\"wp-image-572\" style=\"width:225px\" srcset=\"https:\/\/trail-ecec.com\/wp-content\/uploads\/2024\/05\/champi.jpg 219w, https:\/\/trail-ecec.com\/wp-content\/uploads\/2024\/05\/champi-150x150.jpg 150w\" sizes=\"auto, (max-width: 219px) 100vw, 219px\" \/><\/a><\/figure>\n<\/div>\n\n\n\n<div class=\"wp-block-column is-layout-flow wp-block-column-is-layout-flow\">\n<figure class=\"wp-block-image size-large is-resized wp-duotone-default-filter\"><a href=\"https:\/\/romain-balagny.com\/\" target=\"_blank\" rel=\"noreferrer noopener\"><img loading=\"lazy\" decoding=\"async\" width=\"1024\" height=\"1024\" src=\"http:\/\/trail-ecec.com\/wp-content\/uploads\/2024\/05\/romain-balagny-1024x1024.jpg\" alt=\"\" class=\"wp-image-559\" style=\"width:225px\" srcset=\"https:\/\/trail-ecec.com\/wp-content\/uploads\/2024\/05\/romain-balagny-1024x1024.jpg 1024w, https:\/\/trail-ecec.com\/wp-content\/uploads\/2024\/05\/romain-balagny-300x300.jpg 300w, https:\/\/trail-ecec.com\/wp-content\/uploads\/2024\/05\/romain-balagny-150x150.jpg 150w, https:\/\/trail-ecec.com\/wp-content\/uploads\/2024\/05\/romain-balagny-768x768.jpg 768w, https:\/\/trail-ecec.com\/wp-content\/uploads\/2024\/05\/romain-balagny-1536x1536.jpg 1536w, https:\/\/trail-ecec.com\/wp-content\/uploads\/2024\/05\/romain-balagny-2048x2048.jpg 2048w\" sizes=\"auto, (max-width: 1024px) 100vw, 1024px\" \/><\/a><\/figure>\n<\/div>\n<\/div>\n\n\n\n<div class=\"wp-block-group is-layout-constrained wp-block-group-is-layout-constrained\">\n<div class=\"wp-block-columns is-layout-flex wp-container-core-columns-is-layout-28f84493 wp-block-columns-is-layout-flex\">\n<div class=\"wp-block-column is-layout-flow wp-block-column-is-layout-flow\">\n<figure class=\"wp-block-image size-large is-resized wp-duotone-unset-10\"><img loading=\"lazy\" decoding=\"async\" width=\"1024\" height=\"1024\" src=\"https:\/\/trail-ecec.com\/wp-content\/uploads\/2025\/06\/sim-1024x1024.jpg\" alt=\"\" class=\"wp-image-1077\" style=\"width:225px\" srcset=\"https:\/\/trail-ecec.com\/wp-content\/uploads\/2025\/06\/sim-1024x1024.jpg 1024w, https:\/\/trail-ecec.com\/wp-content\/uploads\/2025\/06\/sim-300x300.jpg 300w, https:\/\/trail-ecec.com\/wp-content\/uploads\/2025\/06\/sim-150x150.jpg 150w, https:\/\/trail-ecec.com\/wp-content\/uploads\/2025\/06\/sim-768x768.jpg 768w, https:\/\/trail-ecec.com\/wp-content\/uploads\/2025\/06\/sim-1536x1536.jpg 1536w, https:\/\/trail-ecec.com\/wp-content\/uploads\/2025\/06\/sim-2048x2048.jpg 2048w\" sizes=\"auto, (max-width: 1024px) 100vw, 1024px\" \/><\/figure>\n<\/div>\n\n\n\n<div class=\"wp-block-column is-layout-flow wp-block-column-is-layout-flow\">\n<figure class=\"wp-block-image size-full is-resized wp-duotone-unset-11\"><a href=\"https:\/\/www.groupechavigny.fr\/\" target=\"_blank\" rel=\"noreferrer noopener\"><img loading=\"lazy\" decoding=\"async\" width=\"359\" height=\"359\" src=\"http:\/\/trail-ecec.com\/wp-content\/uploads\/2024\/05\/CHAVIGNY-1.jpg\" alt=\"\" class=\"wp-image-564\" style=\"width:225px\" srcset=\"https:\/\/trail-ecec.com\/wp-content\/uploads\/2024\/05\/CHAVIGNY-1.jpg 359w, https:\/\/trail-ecec.com\/wp-content\/uploads\/2024\/05\/CHAVIGNY-1-300x300.jpg 300w, https:\/\/trail-ecec.com\/wp-content\/uploads\/2024\/05\/CHAVIGNY-1-150x150.jpg 150w\" sizes=\"auto, (max-width: 359px) 100vw, 359px\" \/><\/a><\/figure>\n<\/div>\n<\/div>\n<\/div>\n\n\n\n<div class=\"wp-block-columns is-layout-flex wp-container-core-columns-is-layout-28f84493 wp-block-columns-is-layout-flex\">\n<div class=\"wp-block-column is-layout-flow wp-block-column-is-layout-flow\"><\/div>\n\n\n\n<div class=\"wp-block-column is-layout-flow wp-block-column-is-layout-flow\"><\/div>\n<\/div>\n","protected":false},"excerpt":{"rendered":"<p>L&rsquo;association \u00ab\u00a0Entre caves et ch\u00e2teaux\u00a0\u00bb remercie l&rsquo;ensemble des partenaires qui lui permettent d&rsquo;organiser ce trail : Un grand MERCI \u00e0 tous nos b\u00e9n\u00e9voles pour leur implication et leur pr\u00e9cieux soutien. Sans eux le trail ne pourrait exister. Sans la bienveillance des propri\u00e9taires et des communes qui nous accordent une autorisation de passage exceptionnelle sur leur [&hellip;]<\/p>\n","protected":false},"author":1,"featured_media":0,"parent":0,"menu_order":0,"comment_status":"closed","ping_status":"closed","template":"","meta":{"ngg_post_thumbnail":0,"footnotes":""},"class_list":["post-72","page","type-page","status-publish","hentry"],"_links":{"self":[{"href":"https:\/\/trail-ecec.com\/index.php\/wp-json\/wp\/v2\/pages\/72","targetHints":{"allow":["GET"]}}],"collection":[{"href":"https:\/\/trail-ecec.com\/index.php\/wp-json\/wp\/v2\/pages"}],"about":[{"href":"https:\/\/trail-ecec.com\/index.php\/wp-json\/wp\/v2\/types\/page"}],"author":[{"embeddable":true,"href":"https:\/\/trail-ecec.com\/index.php\/wp-json\/wp\/v2\/users\/1"}],"replies":[{"embeddable":true,"href":"https:\/\/trail-ecec.com\/index.php\/wp-json\/wp\/v2\/comments?post=72"}],"version-history":[{"count":15,"href":"https:\/\/trail-ecec.com\/index.php\/wp-json\/wp\/v2\/pages\/72\/revisions"}],"predecessor-version":[{"id":1079,"href":"https:\/\/trail-ecec.com\/index.php\/wp-json\/wp\/v2\/pages\/72\/revisions\/1079"}],"wp:attachment":[{"href":"https:\/\/trail-ecec.com\/index.php\/wp-json\/wp\/v2\/media?parent=72"}],"curies":[{"name":"wp","href":"https:\/\/api.w.org\/{rel}","templated":true}]}}