{"id":69,"date":"2023-08-24T15:28:41","date_gmt":"2023-08-24T13:28:41","guid":{"rendered":"https:\/\/ecec41800.wordpress.com\/?page_id=31"},"modified":"2023-12-03T09:29:46","modified_gmt":"2023-12-03T08:29:46","slug":"lhospitalet","status":"publish","type":"page","link":"https:\/\/trail-ecec.com\/index.php\/lhospitalet\/","title":{"rendered":"L&rsquo;hospitalet"},"content":{"rendered":"\n<figure class=\"wp-block-image aligncenter size-full is-resized wp-duotone-unset-1\"><a href=\"https:\/\/www.lhospitalet.fr\/\"><img loading=\"lazy\" decoding=\"async\" width=\"422\" height=\"115\" src=\"http:\/\/trail-ecec.com\/wp-content\/uploads\/2023\/12\/Logo-Hopsitalet.jpg\" alt=\"\" class=\"wp-image-383\" style=\"width:694px;height:auto\" srcset=\"https:\/\/trail-ecec.com\/wp-content\/uploads\/2023\/12\/Logo-Hopsitalet.jpg 422w, https:\/\/trail-ecec.com\/wp-content\/uploads\/2023\/12\/Logo-Hopsitalet-300x82.jpg 300w\" sizes=\"auto, (max-width: 422px) 100vw, 422px\" \/><\/a><\/figure>\n\n\n\n<p>C\u2019\u00e9tait en 1981, sur ce terrain, mis \u00e0 disposition par la commune de Montoire, que notre Association inaugurait cette deuxi\u00e8me maison voulue par Andr\u00e9 MILESY et ses amis fondateurs.<br>L\u2019Association g\u00e8re l\u2019\u00c9tablissement priv\u00e9 \u00e0 but non lucratif du m\u00eame nom, qui dispose de 108 lits r\u00e9partis en 2 sections :<br>     &#8211; M\u00e9dico-social<br>     &#8211; Sanitaire<br><br>L\u2019Hospitalet accueille des personnes adultes, en situation de handicap moteur d\u2019origine neurologique, avec ou sans troubles associ\u00e9s.<br>Aujourd\u2019hui, le Foyer d&rsquo;Accueil M\u00e9dicalis\u00e9 peut accueillir 67 r\u00e9sidents, 2 chambres \u00e9tant disponibles pour des s\u00e9jours temporaires, permettant notamment d\u2019offrir un r\u00e9pit aux proches aidants ou simplement d\u2019exp\u00e9rimenter la vie en foyer.<br>L\u2019\u00e9tablissement de sant\u00e9, sp\u00e9cialis\u00e9 en Service de Soins de Suite et R\u00e9adaptation est constitu\u00e9 de trois services :<br>     &#8211; Un service de M\u00e9decine Physique et de R\u00e9adaptation de 28 lits avec un lit d\u2019\u00e9veil de coma<br>     &#8211; Un service pour 7 personnes en \u00c9tat V\u00e9g\u00e9tatif Chronique ou en \u00c9tat Pauci Relationnel<br>     &#8211; Un service pour 2 places d\u2019Hospitalisation De Jour Il propose aussi des consultations externes avec un m\u00e9decin et un ergoth\u00e9rapeute. Dans la r\u00e9gion Centre Val de Loire, l\u2019Hospitalet est reconnu pour sa capacit\u00e9 \u00e0 accueillir des personnes n\u00e9cessitant des soins techniques complexes, notamment, des personnes en situation de d\u00e9pendance ventilatoire, en leur offrant la libert\u00e9 de circulation<br><br>L\u2019Hospitalet est \u00e9galement sp\u00e9cialis\u00e9 dans la prise en charge en phase de r\u00e9\u00e9ducation des personnes pr\u00e9sentant :<br>     &#8211; Des pathologies neurologiques \u00e9volutives<br>     &#8211; Des s\u00e9quelles d\u2019accident vasculaire c\u00e9r\u00e9bral<br>     &#8211; Des l\u00e9sions c\u00e9r\u00e9brales<br>     &#8211; Des l\u00e9sions de la moelle \u00e9pini\u00e8re<br>Le traitement des complications m\u00e9dicales ou chirurgicales pour les personnes pr\u00e9sentant des d\u00e9ficiences d\u2019origine neurologique.<br><br>L\u2019association soutient l\u2019\u00e9tablissement L\u2019Hospitalet dans son objectif d\u2019accompagnement des personnes vers plus d\u2019autonomie et d\u2019inclusion dans une logique de parcours individuel et de projet personnalis\u00e9 construit avec chaque r\u00e9sident. Les services existants sont compl\u00e9t\u00e9s par la r\u00e9alisation de 4 appartements tremplins qui seront mis \u00e0 disposition de ceux qui souhaitent un retour \u00e0 domicile, en proposant \u00e0 des r\u00e9sidents qui s\u2019engagent dans cette d\u00e9marche en b\u00e9n\u00e9ficiant des services de l\u2019\u00e9tablissement (assistante sociale, assistance administrative, soins et aide \u00e0 domicile, groupes de paroles et formation pour les aidants\u2026)<br><br>Nous voulons \u00eatre un mod\u00e8le de r\u00e9f\u00e9rence pour toute personne en situation de Handicap ou de d\u00e9pendance et cela passe \u00e9galement par la p\u00e9dagogie. C\u2019est pourquoi nous avons r\u00e9aliser le film \u00ab A ma place \u00bb afin d&rsquo;avoir un support vid\u00e9o lorsque que nous participons \u00e0 des actions citoyenne dans des \u00e9tablissement scolaires.<br><br>Acteur phare du territoire, l\u2019Hospitalet emploie 210 professionnels dans des domaines d\u2019activit\u00e9 vari\u00e9s, repr\u00e9sentant 46 m\u00e9tiers diff\u00e9rents. Il a d\u00e9velopp\u00e9 de nombreux partenariats : centres hospitaliers, \u00e9tablissements de formation, services d\u2019aide \u00e0 domicile, associations et entreprises locales\u2026 et contribue au<br>dynamisme et \u00e0 l\u2019attractivit\u00e9 du bassin d\u2019emploi.<br><br>Impr\u00e9gn\u00e9 des valeurs de son association, l\u2019\u00e9tablissement a pour ambition d\u2019accompagner chaque personne accueillie dans son projet, de sa construction \u00e0 son aboutissement, dans une logique inclusive.<br>Pour faire face aux \u00e9volutions bien souvent brutales de notre soci\u00e9t\u00e9, en particulier pour assurer la p\u00e9rennit\u00e9 des services rendus mais aussi pour anticiper les situations nouvelles qui imposent des besoins et des services nouveaux, nous devons rester en \u00e9veil, le c\u0153ur attentif.<br><br>C\u2019est en fixant les objectifs, les missions ; c\u2019est en recherchant les meilleurs projets et les actions adapt\u00e9es \u00e0 notre territoire pour ces prochaines ann\u00e9es que nous parviendrons \u00e0 conserver l\u2019esprit et les valeurs fondatrices grav\u00e9s dans les murs de notre Maison.<\/p>\n\n\n\n<p><br>                        Toujours Servir<br>                                                 Accueillir<br>                                                                        Soigner<br>                                                                                                Accompagner<\/p>\n","protected":false},"excerpt":{"rendered":"<p>C\u2019\u00e9tait en 1981, sur ce terrain, mis \u00e0 disposition par la commune de Montoire, que notre Association inaugurait cette deuxi\u00e8me maison voulue par Andr\u00e9 MILESY et ses amis fondateurs.L\u2019Association g\u00e8re l\u2019\u00c9tablissement priv\u00e9 \u00e0 but non lucratif du m\u00eame nom, qui dispose de 108 lits r\u00e9partis en 2 sections : &#8211; M\u00e9dico-social &#8211; Sanitaire L\u2019Hospitalet accueille [&hellip;]<\/p>\n","protected":false},"author":1,"featured_media":0,"parent":0,"menu_order":0,"comment_status":"closed","ping_status":"closed","template":"","meta":{"ngg_post_thumbnail":0,"footnotes":""},"class_list":["post-69","page","type-page","status-publish","hentry"],"_links":{"self":[{"href":"https:\/\/trail-ecec.com\/index.php\/wp-json\/wp\/v2\/pages\/69","targetHints":{"allow":["GET"]}}],"collection":[{"href":"https:\/\/trail-ecec.com\/index.php\/wp-json\/wp\/v2\/pages"}],"about":[{"href":"https:\/\/trail-ecec.com\/index.php\/wp-json\/wp\/v2\/types\/page"}],"author":[{"embeddable":true,"href":"https:\/\/trail-ecec.com\/index.php\/wp-json\/wp\/v2\/users\/1"}],"replies":[{"embeddable":true,"href":"https:\/\/trail-ecec.com\/index.php\/wp-json\/wp\/v2\/comments?post=69"}],"version-history":[{"count":2,"href":"https:\/\/trail-ecec.com\/index.php\/wp-json\/wp\/v2\/pages\/69\/revisions"}],"predecessor-version":[{"id":385,"href":"https:\/\/trail-ecec.com\/index.php\/wp-json\/wp\/v2\/pages\/69\/revisions\/385"}],"wp:attachment":[{"href":"https:\/\/trail-ecec.com\/index.php\/wp-json\/wp\/v2\/media?parent=69"}],"curies":[{"name":"wp","href":"https:\/\/api.w.org\/{rel}","templated":true}]}}