{"id":157,"date":"2023-08-30T17:43:05","date_gmt":"2023-08-30T15:43:05","guid":{"rendered":"https:\/\/ecec41800.wordpress.com\/?page_id=157"},"modified":"2026-01-28T13:29:08","modified_gmt":"2026-01-28T12:29:08","slug":"le-programme","status":"publish","type":"page","link":"https:\/\/trail-ecec.com\/index.php\/le-programme\/","title":{"rendered":"Le programme"},"content":{"rendered":"\n<p><\/p>\n\n\n\n<p class=\"has-text-align-center\">Dimanche 5 Juillet 2026 \u00e0 Montoire, rendez vous au quartier Marescot<\/p>\n\n\n\n<p><\/p>\n\n\n\n<p>Remise des dossards d\u00e8s 7h30 et jusqu&rsquo;\u00e0 30 minutes avant le d\u00e9part de chaque course<\/p>\n\n\n\n<p>9h00 D\u00e9part de la Trentaine<\/p>\n\n\n\n<p>9h45 D\u00e9part de la Vingtaine<\/p>\n\n\n\n<p>10h30 D\u00e9part de la Dizaine<\/p>\n\n\n\n<p>Arriv\u00e9e des premiers vers 11h40 (pour la Dizaine), 11h10 (pour la Vingtaine), 11h10 (pour la Trentaine)<\/p>\n\n\n\n<p>Podium \u00e0 partir de 12h00<\/p>\n\n\n\n<p><\/p>\n","protected":false},"excerpt":{"rendered":"<p>Dimanche 5 Juillet 2026 \u00e0 Montoire, rendez vous au quartier Marescot Remise des dossards d\u00e8s 7h30 et jusqu&rsquo;\u00e0 30 minutes avant le d\u00e9part de chaque course 9h00 D\u00e9part de la Trentaine 9h45 D\u00e9part de la Vingtaine 10h30 D\u00e9part de la Dizaine Arriv\u00e9e des premiers vers 11h40 (pour la Dizaine), 11h10 (pour la Vingtaine), 11h10 (pour [&hellip;]<\/p>\n","protected":false},"author":1,"featured_media":0,"parent":0,"menu_order":0,"comment_status":"closed","ping_status":"closed","template":"","meta":{"ngg_post_thumbnail":0,"footnotes":""},"class_list":["post-157","page","type-page","status-publish","hentry"],"_links":{"self":[{"href":"https:\/\/trail-ecec.com\/index.php\/wp-json\/wp\/v2\/pages\/157","targetHints":{"allow":["GET"]}}],"collection":[{"href":"https:\/\/trail-ecec.com\/index.php\/wp-json\/wp\/v2\/pages"}],"about":[{"href":"https:\/\/trail-ecec.com\/index.php\/wp-json\/wp\/v2\/types\/page"}],"author":[{"embeddable":true,"href":"https:\/\/trail-ecec.com\/index.php\/wp-json\/wp\/v2\/users\/1"}],"replies":[{"embeddable":true,"href":"https:\/\/trail-ecec.com\/index.php\/wp-json\/wp\/v2\/comments?post=157"}],"version-history":[{"count":3,"href":"https:\/\/trail-ecec.com\/index.php\/wp-json\/wp\/v2\/pages\/157\/revisions"}],"predecessor-version":[{"id":1194,"href":"https:\/\/trail-ecec.com\/index.php\/wp-json\/wp\/v2\/pages\/157\/revisions\/1194"}],"wp:attachment":[{"href":"https:\/\/trail-ecec.com\/index.php\/wp-json\/wp\/v2\/media?parent=157"}],"curies":[{"name":"wp","href":"https:\/\/api.w.org\/{rel}","templated":true}]}}