{"id":141,"date":"2023-08-30T17:42:17","date_gmt":"2023-08-30T15:42:17","guid":{"rendered":"https:\/\/ecec41800.wordpress.com\/?page_id=141"},"modified":"2024-12-05T15:57:17","modified_gmt":"2024-12-05T14:57:17","slug":"10-bonnes-raisons-de-venir","status":"publish","type":"page","link":"https:\/\/trail-ecec.com\/index.php\/10-bonnes-raisons-de-venir\/","title":{"rendered":"10 bonnes raisons de venir"},"content":{"rendered":"\n<p>Pourquoi venir courir chez nous? C&rsquo;est vrai \u00e7a, chaque ann\u00e9e il y a plus de 2500 trails organis\u00e9s en France (on compte m\u00eame pas ceux \u00e0 l&rsquo;\u00e9tranger et encore moins les courses sur route). Alors pourquoi choisir de venir courir ici, \u00e0 Montoire?<br>On vous donne 10 bonnes raisons:<\/p>\n\n\n\n<h2 class=\"wp-block-heading\">1 La vue<\/h2>\n\n\n\n<p>Traverser l&rsquo;un des plus beau village de France, passer dans une champignonni\u00e8re, admirer les plus beaux points de vues sur la vall\u00e9e du Loir&#8230; vous allez en prendre plein les yeux!<\/p>\n\n\n\n<p><br><\/p>\n\n\n\n<h2 class=\"wp-block-heading\">2 Le parcours<\/h2>\n\n\n\n<p>Ce coin, c&rsquo;est notre terrain de jeu, celui ou nous, les organisateurs courons toute l&rsquo;ann\u00e9e. Mais en plus, on s&rsquo;est creus\u00e9 la t\u00eate pour vous faire d\u00e9couvrir des passages qui nous \u00e9taient inconnus&#8230; donc m\u00eame si vous \u00eates habitu\u00e9s \u00e0 courir dans le coin on vous promet de jolies surprises!<br>Pour tout vous avouer, on a m\u00eame crois\u00e9 des sangliers qui nous ont remerci\u00e9 de leur ouvrir de nouveaux passages.<\/p>\n\n\n\n<p><br><\/p>\n\n\n\n<h2 class=\"wp-block-heading\">3 Le parcours (bis) <\/h2>\n\n\n\n<p>Une grande partie du parcours se trouve sur des chemins ou des propri\u00e9t\u00e9s priv\u00e9es, c&rsquo;est donc le seul jour de l&rsquo;ann\u00e9e ou vous pourrez y courir (on remercie une fois de plus tous les propri\u00e9taires qui autorisent le passage du trail chez eux).<\/p>\n\n\n\n<p><br><\/p>\n\n\n\n<h2 class=\"wp-block-heading\">4 Pour tout les go\u00fbts<\/h2>\n\n\n\n<p>Que vous soyez d\u00e9butants ou fans de plus longues distances, que vous soyez adeptes de courses rapides ou que vous pr\u00e9f\u00e9riez les courses au train, avec 10, 20 ou 30km, il y en a pour tout les go\u00fbts!<\/p>\n\n\n\n<p><br><\/p>\n\n\n\n<h2 class=\"wp-block-heading\">5 Votre banquier va vous aimer<\/h2>\n\n\n\n<p>18\u20ac pour le grand trail, 10\u20ac pour le petit parcours, avouez qu\u2019il n\u2019y a pas \u00e0 faire un emprunt pour participer chez nous! Et pour ce prix, il y a tout, un super parcours, un excellent ravito d&rsquo;arriv\u00e9e, le sourire des b\u00e9n\u00e9voles, une foule en liesse pour vous acclamer lors de votre sprint final, une bonne action en donnant \u00e0 l&rsquo;hospitalet&#8230; Et on est tellement sympa qu&rsquo;on vous offre m\u00eame des courbatures pour les jours suivants!<\/p>\n\n\n\n<p><br><\/p>\n\n\n\n<h2 class=\"wp-block-heading\">6 Pour dire \u00ab\u00a0Je l&rsquo;ai fait!\u00a0\u00bb<\/h2>\n\n\n\n<p>L&rsquo;an dernier on a affich\u00e9 complet et refus\u00e9 des centaines (milliers?) de coureurs, avouez que ce serait dommage de rater cette 2e \u00e9dition et de ne pas toujours pas pouvoir dire \u00ab\u00a0je l&rsquo;ai fait!\u00a0\u00bb<\/p>\n\n\n\n<p><br><\/p>\n\n\n\n<h2 class=\"wp-block-heading\">7 Le climat montoirien<\/h2>\n\n\n\n<p>Nous avons \u00e9pluch\u00e9s le relev\u00e9s m\u00e9t\u00e9o du Loir-et-Cher et surtout le micro-climat montoirien depuis 1825 et il n&rsquo;a jamais neig\u00e9 un 7 juillet. On vous promet donc qu&rsquo;il ne fera pas froid.<\/p>\n\n\n\n<p><br><\/p>\n\n\n\n<h2 class=\"wp-block-heading\">8 Pour maudire les traceurs<\/h2>\n\n\n\n<p>Votre chrono n&rsquo;est pas \u00e0 la hauteur de vos ambitions et ce malgr\u00e9 une superbe pr\u00e9paration. Mais plut\u00f4t que de reconna\u00eetre que l\u2019entra\u00eenement ros\u00e9\/saucisson n&rsquo;\u00e9tait pas le plus adapt\u00e9 vous pr\u00e9f\u00e9rez vous en prendre aux responsables du parcours. Vous avez bien raison, c&rsquo;est leur faute!<br>Au choix, vous pourrez insulter Sam, Laurent ou Romain. <br>Sam, si on l&rsquo;avait \u00e9cout\u00e9, on aurait enlever toutes les c\u00f4tes, toutes les descentes, tous les monotraces&#8230; en fait si on l&rsquo;avait \u00e9cout\u00e9 on aurait fait un parcours autour du stade. Bref Sam est responsable des quelques parties roulantes qui vous incitent \u00e0 acc\u00e9l\u00e9rer et \u00e0 d\u00e9ployer votre longue foul\u00e9e. Donc si en fin de course \u00e7a pique, ne dites pas que c&rsquo;est \u00e0 cause de votre d\u00e9part trop rapide, accusez plut\u00f4t Sam.<br>Laurent, lui est plut\u00f4t du genre fan des d\u00e9couvertes et son passe-temps favori est d&rsquo;ouvrir des chemins pour les sangliers. On l&rsquo;a un peu ralenti en pensant \u00e0 vos chevilles. Mais si vous avez trouv\u00e9 certains passages trop peu roulant ne remettez surtout pas en cause votre manque de technique, accusez plut\u00f4t Laurent.<br>Romain, il a un d\u00e9faut, il aime le d\u00e9nivel\u00e9, on peut m\u00eame dire qu&rsquo;il adore \u00e7a. Si on l&rsquo;avait \u00e9cout\u00e9 le parcours aurait comport\u00e9 bien plus de mont\u00e9es. Donc si vous avez les cuisses en feu et que vous terminez les derni\u00e8res p\u00e9toires en rampant ne remettez pas la faute sur l&rsquo;exc\u00e8s de barbecue, accusez plut\u00f4t Romain.<br>Nous vous demanderons juste de ne pas \u00eatre violents avec eux, on en a besoin pour tout ranger.<\/p>\n\n\n\n<p><br><\/p>\n\n\n\n<h2 class=\"wp-block-heading\">9 Pour boire une bi\u00e8re \u00e0 l&rsquo;arriv\u00e9e<\/h2>\n\n\n\n<p>Alors certes, on est un peu sadique mais comme on est aussi super sympa on vous offre une petit breuvage de r\u00e9cup\u00e9ration \u00e0 l&rsquo;arriv\u00e9e. Vous pourrez ainsi refaire la course accoud\u00e9s au comptoir (ou allong\u00e9s par terre si vous ne tenez plus debout).<br>On vous rappelle que l&rsquo;abus d&rsquo;alcool est dangereux pour la sant\u00e9, consommez avec mod\u00e9ration.<\/p>\n\n\n\n<p><br><\/p>\n\n\n\n<h2 class=\"wp-block-heading\">10 Pour faire une bonne action<\/h2>\n\n\n\n<p>Une partie du montant de vos inscriptions sera revers\u00e9e \u00e0 \u00ab\u00a0l&rsquo;hospitalet\u00a0\u00bb et on vous assure que courir pour ceux qui ne le peuvent pas d\u00e9cuplera votre plaisir. Et si vous souhaitez encore augmenter ce plaisir, il est possible de faire un don \u00e0 l&rsquo;association de \u00ab\u00a0l&rsquo;hospitalet\u00a0\u00bb au moment de votre inscription&#8230; de quoi encore multiplier votre bonheur!<\/p>\n\n\n\n<h2 class=\"wp-block-heading\"><\/h2>\n","protected":false},"excerpt":{"rendered":"<p>Pourquoi venir courir chez nous? C&rsquo;est vrai \u00e7a, chaque ann\u00e9e il y a plus de 2500 trails organis\u00e9s en France (on compte m\u00eame pas ceux \u00e0 l&rsquo;\u00e9tranger et encore moins les courses sur route). Alors pourquoi choisir de venir courir ici, \u00e0 Montoire?On vous donne 10 bonnes raisons: 1 La vue Traverser l&rsquo;un des plus [&hellip;]<\/p>\n","protected":false},"author":1,"featured_media":0,"parent":0,"menu_order":0,"comment_status":"closed","ping_status":"closed","template":"","meta":{"ngg_post_thumbnail":0,"footnotes":""},"class_list":["post-141","page","type-page","status-publish","hentry"],"_links":{"self":[{"href":"https:\/\/trail-ecec.com\/index.php\/wp-json\/wp\/v2\/pages\/141","targetHints":{"allow":["GET"]}}],"collection":[{"href":"https:\/\/trail-ecec.com\/index.php\/wp-json\/wp\/v2\/pages"}],"about":[{"href":"https:\/\/trail-ecec.com\/index.php\/wp-json\/wp\/v2\/types\/page"}],"author":[{"embeddable":true,"href":"https:\/\/trail-ecec.com\/index.php\/wp-json\/wp\/v2\/users\/1"}],"replies":[{"embeddable":true,"href":"https:\/\/trail-ecec.com\/index.php\/wp-json\/wp\/v2\/comments?post=141"}],"version-history":[{"count":3,"href":"https:\/\/trail-ecec.com\/index.php\/wp-json\/wp\/v2\/pages\/141\/revisions"}],"predecessor-version":[{"id":1036,"href":"https:\/\/trail-ecec.com\/index.php\/wp-json\/wp\/v2\/pages\/141\/revisions\/1036"}],"wp:attachment":[{"href":"https:\/\/trail-ecec.com\/index.php\/wp-json\/wp\/v2\/media?parent=141"}],"curies":[{"name":"wp","href":"https:\/\/api.w.org\/{rel}","templated":true}]}}